{"id":2,"date":"2025-05-27T16:30:16","date_gmt":"2025-05-27T16:30:16","guid":{"rendered":"https:\/\/firmaenvanteri.dersankoop.com\/?page_id=2"},"modified":"2025-10-15T13:56:44","modified_gmt":"2025-10-15T13:56:44","slug":"hakkimizda","status":"publish","type":"page","link":"https:\/\/firmaenvanteri.dersankoop.com\/index.php\/hakkimizda\/","title":{"rendered":"Hakk\u0131m\u0131zda"},"content":{"rendered":"\t\t<div data-elementor-type=\"wp-page\" data-elementor-id=\"2\" class=\"elementor elementor-2\">\n\t\t\t\t\n<div class=\"elementor-element elementor-element-7cd6a670 e-flex e-con-boxed e-con e-parent\" data-id=\"7cd6a670\" data-element_type=\"container\">\n\t\t\t\t\t<div class=\"e-con-inner\">\n\t\t\n\t\t<div class=\"elementor-element elementor-element-318d05f elementor-widget elementor-widget-text-editor\" data-id=\"318d05f\" data-element_type=\"widget\" data-widget_type=\"text-editor.default\">\n\t\t\t\t<div class=\"elementor-widget-container\">\n\t\t\t\t\t\t\t\t\t<p>Dersan Kooperatif, \u0130stanbul&#8217;un \u00f6nde gelen organize sanayi b\u00f6lgelerinden biri olan \u0130kitelli Organize Sanayi B\u00f6lgesinde kurulmu\u015ftur.&nbsp;<\/p>\n<p><br><\/p>\n<p>B\u00fcnyesinde TRIOS2023 ve Dersan b\u00f6lgelerinde faaliyet g\u00f6steren yakla\u015f\u0131k 700 firmay\u0131 bar\u0131nd\u0131ran Dersan Kooperatifi, sanayi b\u00f6lgesinin \u00fcretim g\u00fcc\u00fcn\u00fc, teknik kapasitesini ve sekt\u00f6rel \u00e7e\u015fitlili\u011fini dijital ortama ta\u015f\u0131may\u0131 ama\u00e7lamaktad\u0131r. Platform, b\u00f6lge firmalar\u0131n\u0131n tan\u0131t\u0131m\u0131n\u0131 g\u00fc\u00e7lendirmeyi, ileti\u015fimi kolayla\u015ft\u0131rmay\u0131 ve b\u00f6lgesel i\u015f birli\u011fini art\u0131rmay\u0131 hedefler. DersanKoop olarak, sanayi b\u00f6lgemizde faaliyet g\u00f6steren i\u015fletmelerin g\u00f6r\u00fcn\u00fcrl\u00fc\u011f\u00fcn\u00fc art\u0131rmak, potansiyel i\u015f ortakl\u0131klar\u0131n\u0131 desteklemek ve dijital d\u00f6n\u00fc\u015f\u00fcm s\u00fcre\u00e7lerine katk\u0131 sa\u011flamak i\u00e7in modern, kullan\u0131c\u0131 dostu ve s\u00fcrekli g\u00fcncellenen bir dijital altyap\u0131 sunuyoruz: Firma Envanteri.<\/p>\n<p>Ziyaret\u00e7ilerimiz; in\u015faat, otomasyon, plastik, elektrik, metal, makine, tekstil, hizmet ve daha bir\u00e7ok sekt\u00f6rden firmaya kolayl\u0131kla ula\u015fabilir, ileti\u015fim kurabilir ve hizmet detaylar\u0131n\u0131 inceleyebilir. Bu sayede hem b\u00f6lge i\u00e7i ticaretin hem de ulusal d\u00fczeyde sanayi i\u015f birli\u011finin geli\u015fmesine katk\u0131 sa\u011flanmaktad\u0131r. Dersan Kooperatifi, firma envanteriyle yaln\u0131zca bir firma rehberi de\u011fil; ayn\u0131 zamanda b\u00f6lgesel \u00fcretim a\u011f\u0131n\u0131 g\u00fc\u00e7lendiren, bilgi payla\u015f\u0131m\u0131n\u0131 destekleyen ve sanayi ekosistemini gelece\u011fe ta\u015f\u0131yan bir dijital k\u00f6pr\u00fc g\u00f6revi g\u00f6rmektedir.<\/p>\n<p><br><\/p>\n<p>Vizyonumuz<\/p>\n<p>Sanayi b\u00f6lgemizi dijitalle\u015fme, s\u00fcrd\u00fcr\u00fclebilirlik ve verimlilik ekseninde gelece\u011fe ta\u015f\u0131yan, b\u00f6lgesel kalk\u0131nmay\u0131 destekleyen \u00f6nc\u00fc bir platform olmak. DersanKoop olarak vizyonumuz, b\u00f6lge firmalar\u0131n\u0131n ulusal ve uluslararas\u0131 pazarlarda daha g\u00f6r\u00fcn\u00fcr hale gelmesini sa\u011flamak, \u00fcretim potansiyelini k\u00fcresel \u00f6l\u00e7ekte tan\u0131tmak ve sanayi b\u00f6lgemizi dijital d\u00fcnyan\u0131n g\u00fc\u00e7l\u00fc akt\u00f6rlerinden biri konumuna ta\u015f\u0131makt\u0131r.<\/p>\n<p><br><\/p>\n<p>Misyonumuz<\/p>\n<p><span style=\"white-space: normal;\"><span style=\"white-space:pre\">\t<\/span>\u2022B\u00f6lge sanayisinde faaliyet g\u00f6steren firmalar\u0131 tek bir dijital \u00e7at\u0131 alt\u0131nda toplamak,<\/span><\/p>\n<p><span style=\"white-space: normal;\"><span style=\"white-space:pre\">\t<\/span>\u2022Firmalar aras\u0131 ileti\u015fim, i\u015f birli\u011fi ve bilgi payla\u015f\u0131m\u0131n\u0131 art\u0131rmak,<\/span><\/p>\n<p><span style=\"white-space: normal;\"><span style=\"white-space:pre\">\t<\/span>\u2022Yerli \u00fcretimi, inovasyonu ve dijitalle\u015fmeyi te\u015fvik etmek,<\/span><\/p>\n<p><span style=\"white-space: normal;\"><span style=\"white-space:pre\">\t<\/span>\u2022Ziyaret\u00e7ilere g\u00fcvenilir, g\u00fcncel ve eri\u015filebilir bir firma rehberi sunmak,<\/span><\/p>\n<p><span style=\"white-space: normal;\"><span style=\"white-space:pre\">\t<\/span>\u2022Dersan ve TRIOS2023 b\u00f6lgelerinin sanayi g\u00fcc\u00fcn\u00fc g\u00f6r\u00fcn\u00fcr k\u0131lmak ve ekonomik b\u00fcy\u00fcmeye katk\u0131 sa\u011flamak.<\/span><\/p>\n<p><br><\/p>\n<p>Dersan Kooperatifi, g\u00fcven, i\u015f birli\u011fi ve s\u00fcrd\u00fcr\u00fclebilir kalk\u0131nma ilkeleriyle hareket ederek, b\u00f6lge sanayisinin gelece\u011fini dijital ortamda \u015fekillendirmeye devam etmektedir.<\/p>\t\t\t\t\t\t\t\t<\/div>\n\t\t\t\t<\/div>\n\t\t\t\t\t<\/div>\n\t\t\t\t<\/div>\n\t\t\t\t<\/div>\n\t\t","protected":false},"excerpt":{"rendered":"<p>Dersan Kooperatif, \u0130stanbul&#8217;un \u00f6nde gelen organize sanayi b\u00f6lgelerinden biri olan \u0130kitelli Organize Sanayi B\u00f6lgesinde kurulmu\u015ftur.&nbsp; B\u00fcnyesinde TRIOS2023 ve Dersan b\u00f6lgelerinde faaliyet g\u00f6steren yakla\u015f\u0131k 700 firmay\u0131 bar\u0131nd\u0131ran Dersan Kooperatifi, sanayi b\u00f6lgesinin \u00fcretim g\u00fcc\u00fcn\u00fc, teknik kapasitesini ve sekt\u00f6rel \u00e7e\u015fitlili\u011fini dijital ortama ta\u015f\u0131may\u0131 ama\u00e7lamaktad\u0131r. Platform, b\u00f6lge firmalar\u0131n\u0131n tan\u0131t\u0131m\u0131n\u0131 g\u00fc\u00e7lendirmeyi, ileti\u015fimi kolayla\u015ft\u0131rmay\u0131 ve b\u00f6lgesel i\u015f birli\u011fini art\u0131rmay\u0131 hedefler. DersanKoop [&hellip;]<\/p>\n","protected":false},"author":1,"featured_media":0,"parent":0,"menu_order":0,"comment_status":"closed","ping_status":"closed","template":"","meta":{"_srk_meta_title":"","_srk_meta_description":"","_srk_robots_meta":[],"_srk_canonical_url":"","_srk_advanced_settings":[],"_srk_last_sync":0,"footnotes":""},"class_list":["post-2","page","type-page","status-publish","hentry"],"cubewp_post_meta":[],"taxonomies":[],"_links":{"self":[{"href":"https:\/\/firmaenvanteri.dersankoop.com\/index.php\/wp-json\/wp\/v2\/pages\/2","targetHints":{"allow":["GET"]}}],"collection":[{"href":"https:\/\/firmaenvanteri.dersankoop.com\/index.php\/wp-json\/wp\/v2\/pages"}],"about":[{"href":"https:\/\/firmaenvanteri.dersankoop.com\/index.php\/wp-json\/wp\/v2\/types\/page"}],"author":[{"embeddable":true,"href":"https:\/\/firmaenvanteri.dersankoop.com\/index.php\/wp-json\/wp\/v2\/users\/1"}],"replies":[{"embeddable":true,"href":"https:\/\/firmaenvanteri.dersankoop.com\/index.php\/wp-json\/wp\/v2\/comments?post=2"}],"version-history":[{"count":7,"href":"https:\/\/firmaenvanteri.dersankoop.com\/index.php\/wp-json\/wp\/v2\/pages\/2\/revisions"}],"predecessor-version":[{"id":4346,"href":"https:\/\/firmaenvanteri.dersankoop.com\/index.php\/wp-json\/wp\/v2\/pages\/2\/revisions\/4346"}],"wp:attachment":[{"href":"https:\/\/firmaenvanteri.dersankoop.com\/index.php\/wp-json\/wp\/v2\/media?parent=2"}],"curies":[{"name":"wp","href":"https:\/\/api.w.org\/{rel}","templated":true}]}}