{"id":4293,"date":"2025-10-15T10:24:16","date_gmt":"2025-10-15T10:24:16","guid":{"rendered":"https:\/\/firmaenvanteri.dersankoop.com\/?page_id=4293"},"modified":"2026-04-02T13:09:18","modified_gmt":"2026-04-02T13:09:18","slug":"uretici-firmalari-listesi","status":"publish","type":"page","link":"https:\/\/firmaenvanteri.dersankoop.com\/index.php\/uretici-firmalari-listesi\/","title":{"rendered":"\u00dcretici Firmalar"},"content":{"rendered":"\t\t<div data-elementor-type=\"wp-page\" data-elementor-id=\"4293\" class=\"elementor elementor-4293\">\n\t\t\t\t\n<div class=\"elementor-element elementor-element-c046d71 e-flex e-con-boxed e-con e-parent\" data-id=\"c046d71\" data-element_type=\"container\">\n\t\t\t\t\t<div class=\"e-con-inner\">\n\t\t\t\t<div class=\"elementor-element elementor-element-39b5161 elementor-widget elementor-widget-image\" data-id=\"39b5161\" data-element_type=\"widget\" data-widget_type=\"image.default\">\n\t\t\t\t<div class=\"elementor-widget-container\">\n\t\t\t\t\t\t\t\t\t\t\t\t\t\t\t<img fetchpriority=\"high\" decoding=\"async\" width=\"900\" height=\"580\" src=\"https:\/\/firmaenvanteri.dersankoop.com\/wp-content\/uploads\/2026\/03\/elektrik-kumelenmesi-1024x660.png\" class=\"attachment-large size-large wp-image-4354\" alt=\"\" srcset=\"https:\/\/firmaenvanteri.dersankoop.com\/wp-content\/uploads\/2026\/03\/elektrik-kumelenmesi-1024x660.png 1024w, https:\/\/firmaenvanteri.dersankoop.com\/wp-content\/uploads\/2026\/03\/elektrik-kumelenmesi-300x193.png 300w, https:\/\/firmaenvanteri.dersankoop.com\/wp-content\/uploads\/2026\/03\/elektrik-kumelenmesi-768x495.png 768w, https:\/\/firmaenvanteri.dersankoop.com\/wp-content\/uploads\/2026\/03\/elektrik-kumelenmesi-372x240.png 372w, https:\/\/firmaenvanteri.dersankoop.com\/wp-content\/uploads\/2026\/03\/elektrik-kumelenmesi.png 1137w\" sizes=\"(max-width: 900px) 100vw, 900px\" \/>\t\t\t\t\t\t\t\t\t\t\t\t\t\t\t<\/div>\n\t\t\t\t<\/div>\n\t\t\t\t<div class=\"elementor-element elementor-element-a9b35e6 elementor-widget elementor-widget-image\" data-id=\"a9b35e6\" data-element_type=\"widget\" data-widget_type=\"image.default\">\n\t\t\t\t<div class=\"elementor-widget-container\">\n\t\t\t\t\t\t\t\t\t\t\t\t\t\t\t\t<a href=\"https:\/\/firmaenvanteri.dersankoop.com\/wp-content\/uploads\/2026\/03\/endustriyel-metal.png\" data-elementor-open-lightbox=\"yes\" data-elementor-lightbox-title=\"end\u00fcstriyel metal\" data-e-action-hash=\"#elementor-action%3Aaction%3Dlightbox%26settings%3DeyJpZCI6NDM0OSwidXJsIjoiaHR0cHM6XC9cL2Zpcm1hZW52YW50ZXJpLmRlcnNhbmtvb3AuY29tXC93cC1jb250ZW50XC91cGxvYWRzXC8yMDI2XC8wM1wvZW5kdXN0cml5ZWwtbWV0YWwucG5nIn0%3D\">\n\t\t\t\t\t\t\t<img decoding=\"async\" width=\"1436\" height=\"2048\" src=\"https:\/\/firmaenvanteri.dersankoop.com\/wp-content\/uploads\/2026\/03\/endustriyel-metal-1436x2048.png\" class=\"attachment-2048x2048 size-2048x2048 wp-image-4349\" alt=\"\" srcset=\"https:\/\/firmaenvanteri.dersankoop.com\/wp-content\/uploads\/2026\/03\/endustriyel-metal-1436x2048.png 1436w, https:\/\/firmaenvanteri.dersankoop.com\/wp-content\/uploads\/2026\/03\/endustriyel-metal-210x300.png 210w, https:\/\/firmaenvanteri.dersankoop.com\/wp-content\/uploads\/2026\/03\/endustriyel-metal-718x1024.png 718w, https:\/\/firmaenvanteri.dersankoop.com\/wp-content\/uploads\/2026\/03\/endustriyel-metal-768x1096.png 768w, https:\/\/firmaenvanteri.dersankoop.com\/wp-content\/uploads\/2026\/03\/endustriyel-metal-1077x1536.png 1077w, https:\/\/firmaenvanteri.dersankoop.com\/wp-content\/uploads\/2026\/03\/endustriyel-metal.png 1639w\" sizes=\"(max-width: 1436px) 100vw, 1436px\" \/>\t\t\t\t\t\t\t\t<\/a>\n\t\t\t\t\t\t\t\t\t\t\t\t\t\t\t<\/div>\n\t\t\t\t<\/div>\n\t\t\t\t<div class=\"elementor-element elementor-element-08ffc0a elementor-widget elementor-widget-image\" data-id=\"08ffc0a\" data-element_type=\"widget\" data-widget_type=\"image.default\">\n\t\t\t\t<div class=\"elementor-widget-container\">\n\t\t\t\t\t\t\t\t\t\t\t\t\t\t\t\t<a href=\"https:\/\/firmaenvanteri.dersankoop.com\/wp-content\/uploads\/2025\/10\/reklam-tasarim-2.png\" data-elementor-open-lightbox=\"yes\" data-elementor-lightbox-title=\"reklam, tasar\u0131m-2\" data-e-action-hash=\"#elementor-action%3Aaction%3Dlightbox%26settings%3DeyJpZCI6NDMwNywidXJsIjoiaHR0cHM6XC9cL2Zpcm1hZW52YW50ZXJpLmRlcnNhbmtvb3AuY29tXC93cC1jb250ZW50XC91cGxvYWRzXC8yMDI1XC8xMFwvcmVrbGFtLXRhc2FyaW0tMi5wbmcifQ%3D%3D\">\n\t\t\t\t\t\t\t<img decoding=\"async\" width=\"2048\" height=\"1448\" src=\"https:\/\/firmaenvanteri.dersankoop.com\/wp-content\/uploads\/2025\/10\/reklam-tasarim-2-2048x1448.png\" class=\"attachment-2048x2048 size-2048x2048 wp-image-4307\" alt=\"\" srcset=\"https:\/\/firmaenvanteri.dersankoop.com\/wp-content\/uploads\/2025\/10\/reklam-tasarim-2-2048x1448.png 2048w, https:\/\/firmaenvanteri.dersankoop.com\/wp-content\/uploads\/2025\/10\/reklam-tasarim-2-300x212.png 300w, https:\/\/firmaenvanteri.dersankoop.com\/wp-content\/uploads\/2025\/10\/reklam-tasarim-2-1024x724.png 1024w, https:\/\/firmaenvanteri.dersankoop.com\/wp-content\/uploads\/2025\/10\/reklam-tasarim-2-768x543.png 768w, https:\/\/firmaenvanteri.dersankoop.com\/wp-content\/uploads\/2025\/10\/reklam-tasarim-2-1536x1086.png 1536w\" sizes=\"(max-width: 2048px) 100vw, 2048px\" \/>\t\t\t\t\t\t\t\t<\/a>\n\t\t\t\t\t\t\t\t\t\t\t\t\t\t\t<\/div>\n\t\t\t\t<\/div>\n\t\t\t\t<div class=\"elementor-element elementor-element-75713e2 elementor-widget elementor-widget-image\" data-id=\"75713e2\" data-element_type=\"widget\" data-widget_type=\"image.default\">\n\t\t\t\t<div class=\"elementor-widget-container\">\n\t\t\t\t\t\t\t\t\t\t\t\t\t\t\t\t<a href=\"https:\/\/firmaenvanteri.dersankoop.com\/wp-content\/uploads\/2025\/10\/Kimya-Brosur-2.png\" data-elementor-open-lightbox=\"yes\" data-elementor-lightbox-title=\"Kimya Bro\u015f\u00fcr-2\" data-e-action-hash=\"#elementor-action%3Aaction%3Dlightbox%26settings%3DeyJpZCI6NDMwNiwidXJsIjoiaHR0cHM6XC9cL2Zpcm1hZW52YW50ZXJpLmRlcnNhbmtvb3AuY29tXC93cC1jb250ZW50XC91cGxvYWRzXC8yMDI1XC8xMFwvS2lteWEtQnJvc3VyLTIucG5nIn0%3D\">\n\t\t\t\t\t\t\t<img loading=\"lazy\" decoding=\"async\" width=\"2048\" height=\"1448\" src=\"https:\/\/firmaenvanteri.dersankoop.com\/wp-content\/uploads\/2025\/10\/Kimya-Brosur-2-2048x1448.png\" class=\"attachment-2048x2048 size-2048x2048 wp-image-4306\" alt=\"\" srcset=\"https:\/\/firmaenvanteri.dersankoop.com\/wp-content\/uploads\/2025\/10\/Kimya-Brosur-2-2048x1448.png 2048w, https:\/\/firmaenvanteri.dersankoop.com\/wp-content\/uploads\/2025\/10\/Kimya-Brosur-2-300x212.png 300w, https:\/\/firmaenvanteri.dersankoop.com\/wp-content\/uploads\/2025\/10\/Kimya-Brosur-2-1024x724.png 1024w, https:\/\/firmaenvanteri.dersankoop.com\/wp-content\/uploads\/2025\/10\/Kimya-Brosur-2-768x543.png 768w, https:\/\/firmaenvanteri.dersankoop.com\/wp-content\/uploads\/2025\/10\/Kimya-Brosur-2-1536x1086.png 1536w\" sizes=\"(max-width: 2048px) 100vw, 2048px\" \/>\t\t\t\t\t\t\t\t<\/a>\n\t\t\t\t\t\t\t\t\t\t\t\t\t\t\t<\/div>\n\t\t\t\t<\/div>\n\t\t\t\t<div class=\"elementor-element elementor-element-b2c360f elementor-widget elementor-widget-image\" data-id=\"b2c360f\" data-element_type=\"widget\" data-widget_type=\"image.default\">\n\t\t\t\t<div class=\"elementor-widget-container\">\n\t\t\t\t\t\t\t\t\t\t\t\t\t\t\t\t<a href=\"https:\/\/firmaenvanteri.dersankoop.com\/wp-content\/uploads\/2025\/10\/TEKSTIL-DERI-FIRMALARI-REHBERI-2.png\" data-elementor-open-lightbox=\"yes\" data-elementor-lightbox-title=\"TEKST\u0130L &amp; DER\u0130 F\u0130RMALARI REHBER\u0130-2\" data-e-action-hash=\"#elementor-action%3Aaction%3Dlightbox%26settings%3DeyJpZCI6NDMwOCwidXJsIjoiaHR0cHM6XC9cL2Zpcm1hZW52YW50ZXJpLmRlcnNhbmtvb3AuY29tXC93cC1jb250ZW50XC91cGxvYWRzXC8yMDI1XC8xMFwvVEVLU1RJTC1ERVJJLUZJUk1BTEFSSS1SRUhCRVJJLTIucG5nIn0%3D\">\n\t\t\t\t\t\t\t<img loading=\"lazy\" decoding=\"async\" width=\"2048\" height=\"1448\" src=\"https:\/\/firmaenvanteri.dersankoop.com\/wp-content\/uploads\/2025\/10\/TEKSTIL-DERI-FIRMALARI-REHBERI-2-2048x1448.png\" class=\"attachment-2048x2048 size-2048x2048 wp-image-4308\" alt=\"\" srcset=\"https:\/\/firmaenvanteri.dersankoop.com\/wp-content\/uploads\/2025\/10\/TEKSTIL-DERI-FIRMALARI-REHBERI-2-2048x1448.png 2048w, https:\/\/firmaenvanteri.dersankoop.com\/wp-content\/uploads\/2025\/10\/TEKSTIL-DERI-FIRMALARI-REHBERI-2-300x212.png 300w, https:\/\/firmaenvanteri.dersankoop.com\/wp-content\/uploads\/2025\/10\/TEKSTIL-DERI-FIRMALARI-REHBERI-2-1024x724.png 1024w, https:\/\/firmaenvanteri.dersankoop.com\/wp-content\/uploads\/2025\/10\/TEKSTIL-DERI-FIRMALARI-REHBERI-2-768x543.png 768w, https:\/\/firmaenvanteri.dersankoop.com\/wp-content\/uploads\/2025\/10\/TEKSTIL-DERI-FIRMALARI-REHBERI-2-1536x1086.png 1536w\" sizes=\"(max-width: 2048px) 100vw, 2048px\" \/>\t\t\t\t\t\t\t\t<\/a>\n\t\t\t\t\t\t\t\t\t\t\t\t\t\t\t<\/div>\n\t\t\t\t<\/div>\n\t\t\t\t<div class=\"elementor-element elementor-element-ed47750 elementor-widget elementor-widget-image\" data-id=\"ed47750\" data-element_type=\"widget\" data-widget_type=\"image.default\">\n\t\t\t\t<div class=\"elementor-widget-container\">\n\t\t\t\t\t\t\t\t\t\t\t\t\t\t\t\t<a href=\"https:\/\/firmaenvanteri.dersankoop.com\/wp-content\/uploads\/2025\/10\/CESITLI-SEKTORLER-2.png\" data-elementor-open-lightbox=\"yes\" data-elementor-lightbox-title=\"\u00c7E\u015e\u0130TL\u0130 SEKT\u00d6RLER-2\" data-e-action-hash=\"#elementor-action%3Aaction%3Dlightbox%26settings%3DeyJpZCI6NDI5OSwidXJsIjoiaHR0cHM6XC9cL2Zpcm1hZW52YW50ZXJpLmRlcnNhbmtvb3AuY29tXC93cC1jb250ZW50XC91cGxvYWRzXC8yMDI1XC8xMFwvQ0VTSVRMSS1TRUtUT1JMRVItMi5wbmcifQ%3D%3D\">\n\t\t\t\t\t\t\t<img loading=\"lazy\" decoding=\"async\" width=\"2048\" height=\"1448\" src=\"https:\/\/firmaenvanteri.dersankoop.com\/wp-content\/uploads\/2025\/10\/CESITLI-SEKTORLER-2-2048x1448.png\" class=\"attachment-2048x2048 size-2048x2048 wp-image-4299\" alt=\"\" srcset=\"https:\/\/firmaenvanteri.dersankoop.com\/wp-content\/uploads\/2025\/10\/CESITLI-SEKTORLER-2-2048x1448.png 2048w, https:\/\/firmaenvanteri.dersankoop.com\/wp-content\/uploads\/2025\/10\/CESITLI-SEKTORLER-2-300x212.png 300w, https:\/\/firmaenvanteri.dersankoop.com\/wp-content\/uploads\/2025\/10\/CESITLI-SEKTORLER-2-1024x724.png 1024w, https:\/\/firmaenvanteri.dersankoop.com\/wp-content\/uploads\/2025\/10\/CESITLI-SEKTORLER-2-768x543.png 768w, https:\/\/firmaenvanteri.dersankoop.com\/wp-content\/uploads\/2025\/10\/CESITLI-SEKTORLER-2-1536x1086.png 1536w\" sizes=\"(max-width: 2048px) 100vw, 2048px\" \/>\t\t\t\t\t\t\t\t<\/a>\n\t\t\t\t\t\t\t\t\t\t\t\t\t\t\t<\/div>\n\t\t\t\t<\/div>\n\t\t\t\t\t<\/div>\n\t\t\t\t<\/div>\n\t\t\t\t<\/div>\n\t\t","protected":false},"excerpt":{"rendered":"","protected":false},"author":1,"featured_media":0,"parent":0,"menu_order":0,"comment_status":"closed","ping_status":"closed","template":"","meta":{"_srk_meta_title":"%title% %sep% %site_title%","_srk_meta_description":"%excerpt%","_srk_robots_meta":[],"_srk_canonical_url":"","_srk_advanced_settings":{"use_default_settings":true,"show_meta_box":true},"_srk_last_sync":1775135358,"footnotes":""},"class_list":["post-4293","page","type-page","status-publish","hentry"],"cubewp_post_meta":[],"taxonomies":[],"_links":{"self":[{"href":"https:\/\/firmaenvanteri.dersankoop.com\/index.php\/wp-json\/wp\/v2\/pages\/4293","targetHints":{"allow":["GET"]}}],"collection":[{"href":"https:\/\/firmaenvanteri.dersankoop.com\/index.php\/wp-json\/wp\/v2\/pages"}],"about":[{"href":"https:\/\/firmaenvanteri.dersankoop.com\/index.php\/wp-json\/wp\/v2\/types\/page"}],"author":[{"embeddable":true,"href":"https:\/\/firmaenvanteri.dersankoop.com\/index.php\/wp-json\/wp\/v2\/users\/1"}],"replies":[{"embeddable":true,"href":"https:\/\/firmaenvanteri.dersankoop.com\/index.php\/wp-json\/wp\/v2\/comments?post=4293"}],"version-history":[{"count":45,"href":"https:\/\/firmaenvanteri.dersankoop.com\/index.php\/wp-json\/wp\/v2\/pages\/4293\/revisions"}],"predecessor-version":[{"id":4390,"href":"https:\/\/firmaenvanteri.dersankoop.com\/index.php\/wp-json\/wp\/v2\/pages\/4293\/revisions\/4390"}],"wp:attachment":[{"href":"https:\/\/firmaenvanteri.dersankoop.com\/index.php\/wp-json\/wp\/v2\/media?parent=4293"}],"curies":[{"name":"wp","href":"https:\/\/api.w.org\/{rel}","templated":true}]}}